{"id":1103,"date":"2020-09-14T16:06:13","date_gmt":"2020-09-14T16:06:13","guid":{"rendered":"https:\/\/celebikurye.com\/tr\/?page_id=1103"},"modified":"2022-03-10T00:56:33","modified_gmt":"2022-03-09T21:56:33","slug":"sikca-sorulan-sorular","status":"publish","type":"page","link":"https:\/\/celebikurye.com\/tr\/sikca-sorulan-sorular\/","title":{"rendered":"SSS"},"content":{"rendered":"<p><div class=\"fusion-fullwidth fullwidth-box fusion-builder-row-1 fusion-flex-container nonhundred-percent-fullwidth non-hundred-percent-height-scrolling\" style=\"--awb-border-radius-top-left:0px;--awb-border-radius-top-right:0px;--awb-border-radius-bottom-right:0px;--awb-border-radius-bottom-left:0px;--awb-padding-top:80px;--awb-padding-bottom:80px;--awb-padding-top-medium:60px;--awb-padding-bottom-medium:60px;--awb-padding-top-small:20px;--awb-padding-bottom-small:60px;--awb-background-color:var(--awb-color2);--awb-flex-wrap:wrap;\" ><div class=\"fusion-builder-row fusion-row fusion-flex-align-items-flex-start fusion-flex-justify-content-center fusion-flex-content-wrap\" style=\"max-width:1310.4px;margin-left: calc(-4% \/ 2 );margin-right: calc(-4% \/ 2 );\"><div class=\"fusion-layout-column fusion_builder_column fusion-builder-column-0 fusion_builder_column_2_5 2_5 fusion-flex-column\" style=\"--awb-bg-size:cover;--awb-width-large:40%;--awb-margin-top-large:20px;--awb-spacing-right-large:9.6%;--awb-margin-bottom-large:20px;--awb-spacing-left-large:4.8%;--awb-width-medium:50%;--awb-order-medium:0;--awb-spacing-right-medium:7.68%;--awb-spacing-left-medium:7.68%;--awb-width-small:100%;--awb-order-small:0;--awb-spacing-right-small:1.92%;--awb-margin-bottom-small:0px;--awb-spacing-left-small:1.92%;\"><div class=\"fusion-column-wrapper fusion-column-has-shadow fusion-flex-justify-content-flex-start fusion-content-layout-column\"><div class=\"fusion-title title fusion-title-1 fusion-sep-none fusion-title-text fusion-title-size-four\" style=\"--awb-margin-bottom:16px;--awb-margin-top-small:10px;--awb-margin-right-small:0px;--awb-margin-bottom-small:20px;--awb-margin-left-small:0px;\"><h4 class=\"fusion-title-heading title-heading-left fusion-responsive-typography-calculated\" style=\"margin:0;--fontSize:24;--minFontSize:24;line-height:1.42;\">Sadece \u015fehir i\u00e7imi \u00e7al\u0131\u015f\u0131yorsunuz?<\/h4><\/div><div class=\"fusion-text fusion-text-1\" style=\"--awb-text-transform:none;\"><\/div><div class=\"fusion-title title fusion-title-2 fusion-sep-none fusion-title-text fusion-title-size-four\" style=\"--awb-margin-top:24px;--awb-margin-top-small:10px;--awb-margin-right-small:0px;--awb-margin-bottom-small:20px;--awb-margin-left-small:0px;\"><h4 class=\"fusion-title-heading title-heading-left fusion-responsive-typography-calculated\" style=\"margin:0;--fontSize:24;--minFontSize:24;line-height:1.42;\">Ara\u00e7l\u0131 kuryeniz varm\u0131?<\/h4><\/div><div class=\"fusion-title title fusion-title-3 fusion-sep-none fusion-title-text fusion-title-size-four\" style=\"--awb-margin-top:24px;--awb-margin-top-small:10px;--awb-margin-right-small:0px;--awb-margin-bottom-small:20px;--awb-margin-left-small:0px;\"><h4 class=\"fusion-title-heading title-heading-left fusion-responsive-typography-calculated\" style=\"margin:0;--fontSize:24;--minFontSize:24;line-height:1.42;\">Bekleme \u00fccreti al\u0131yormusunuz?<\/h4><\/div><\/div><\/div><div class=\"fusion-layout-column fusion_builder_column fusion-builder-column-1 fusion_builder_column_2_5 2_5 fusion-flex-column\" style=\"--awb-bg-size:cover;--awb-width-large:40%;--awb-margin-top-large:20px;--awb-spacing-right-large:4.8%;--awb-margin-bottom-large:20px;--awb-spacing-left-large:9.6%;--awb-width-medium:50%;--awb-order-medium:0;--awb-spacing-right-medium:7.68%;--awb-spacing-left-medium:7.68%;--awb-width-small:100%;--awb-order-small:0;--awb-margin-top-small:0px;--awb-spacing-right-small:1.92%;--awb-margin-bottom-small:0px;--awb-spacing-left-small:1.92%;\"><div class=\"fusion-column-wrapper fusion-column-has-shadow fusion-flex-justify-content-flex-start fusion-content-layout-column\"><div class=\"fusion-title title fusion-title-4 fusion-sep-none fusion-title-text fusion-title-size-four\" style=\"--awb-margin-top-small:10px;--awb-margin-right-small:0px;--awb-margin-bottom-small:20px;--awb-margin-left-small:0px;\"><h4 class=\"fusion-title-heading title-heading-left fusion-responsive-typography-calculated\" style=\"margin:0;--fontSize:24;--minFontSize:24;line-height:1.42;\">Koli ta\u015f\u0131yormusunuz?<\/h4><\/div><div class=\"fusion-title title fusion-title-5 fusion-sep-none fusion-title-text fusion-title-size-four\" style=\"--awb-margin-top:24px;--awb-margin-top-small:10px;--awb-margin-right-small:0px;--awb-margin-bottom-small:20px;--awb-margin-left-small:0px;\"><h4 class=\"fusion-title-heading title-heading-left fusion-responsive-typography-calculated\" style=\"margin:0;--fontSize:24;--minFontSize:24;line-height:1.42;\">K\u00f6pr\u00fc ge\u00e7i\u015f \u00fccreti al\u0131yormusunuz?<\/h4><\/div><div class=\"fusion-title title fusion-title-6 fusion-sep-none fusion-title-text fusion-title-size-four\" style=\"--awb-margin-top:24px;--awb-margin-top-small:10px;--awb-margin-right-small:0px;--awb-margin-bottom-small:20px;--awb-margin-left-small:0px;\"><h4 class=\"fusion-title-heading title-heading-left fusion-responsive-typography-calculated\" style=\"margin:0;--fontSize:24;--minFontSize:24;line-height:1.42;\">Gece kurye hizmetiniz varm\u0131?<\/h4><\/div><\/div><\/div><\/div><\/div><div class=\"fusion-fullwidth fullwidth-box fusion-builder-row-2 fusion-flex-container nonhundred-percent-fullwidth non-hundred-percent-height-scrolling\" style=\"--awb-border-radius-top-left:0px;--awb-border-radius-top-right:0px;--awb-border-radius-bottom-right:0px;--awb-border-radius-bottom-left:0px;--awb-padding-top:102px;--awb-padding-bottom:60px;--awb-padding-bottom-medium:32px;--awb-padding-top-small:40px;--awb-padding-bottom-small:40px;--awb-flex-wrap:wrap;\" ><div class=\"fusion-builder-row fusion-row fusion-flex-align-items-flex-start fusion-flex-justify-content-center fusion-flex-content-wrap\" style=\"max-width:1310.4px;margin-left: calc(-4% \/ 2 );margin-right: calc(-4% \/ 2 );\"><\/div><\/div>\n<\/p>\n","protected":false},"excerpt":{"rendered":"","protected":false},"author":1,"featured_media":0,"parent":0,"menu_order":0,"comment_status":"closed","ping_status":"closed","template":"100-width.php","meta":{"footnotes":""},"class_list":["post-1103","page","type-page","status-publish","hentry"],"yoast_head":"<!-- This site is optimized with the Yoast SEO plugin v27.3 - https:\/\/yoast.com\/product\/yoast-seo-wordpress\/ -->\n<title>SSS - \u00c7elebi Kurye - 0542 600 9876 - Zaman Kazand\u0131r\u0131r<\/title>\n<meta name=\"robots\" content=\"index, follow, max-snippet:-1, max-image-preview:large, max-video-preview:-1\" \/>\n<link rel=\"canonical\" href=\"https:\/\/celebikurye.com\/tr\/sikca-sorulan-sorular\/\" \/>\n<meta property=\"og:locale\" content=\"tr_TR\" \/>\n<meta property=\"og:type\" content=\"article\" \/>\n<meta property=\"og:title\" content=\"SSS - \u00c7elebi Kurye - 0542 600 9876 - Zaman Kazand\u0131r\u0131r\" \/>\n<meta property=\"og:url\" content=\"https:\/\/celebikurye.com\/tr\/sikca-sorulan-sorular\/\" \/>\n<meta property=\"og:site_name\" content=\"\u00c7elebi Kurye - 0542 600 9876 - Zaman Kazand\u0131r\u0131r\" \/>\n<meta property=\"article:modified_time\" content=\"2022-03-09T21:56:33+00:00\" \/>\n<meta name=\"twitter:card\" content=\"summary_large_image\" \/>\n<meta name=\"twitter:label1\" content=\"Tahmini okuma s\u00fcresi\" \/>\n\t<meta name=\"twitter:data1\" content=\"9 dakika\" \/>\n<script type=\"application\/ld+json\" class=\"yoast-schema-graph\">{\"@context\":\"https:\\\/\\\/schema.org\",\"@graph\":[{\"@type\":\"WebPage\",\"@id\":\"https:\\\/\\\/celebikurye.com\\\/tr\\\/sikca-sorulan-sorular\\\/\",\"url\":\"https:\\\/\\\/celebikurye.com\\\/tr\\\/sikca-sorulan-sorular\\\/\",\"name\":\"SSS - \u00c7elebi Kurye - 0542 600 9876 - Zaman Kazand\u0131r\u0131r\",\"isPartOf\":{\"@id\":\"https:\\\/\\\/celebikurye.com\\\/tr\\\/#website\"},\"datePublished\":\"2020-09-14T16:06:13+00:00\",\"dateModified\":\"2022-03-09T21:56:33+00:00\",\"breadcrumb\":{\"@id\":\"https:\\\/\\\/celebikurye.com\\\/tr\\\/sikca-sorulan-sorular\\\/#breadcrumb\"},\"inLanguage\":\"tr\",\"potentialAction\":[{\"@type\":\"ReadAction\",\"target\":[\"https:\\\/\\\/celebikurye.com\\\/tr\\\/sikca-sorulan-sorular\\\/\"]}]},{\"@type\":\"BreadcrumbList\",\"@id\":\"https:\\\/\\\/celebikurye.com\\\/tr\\\/sikca-sorulan-sorular\\\/#breadcrumb\",\"itemListElement\":[{\"@type\":\"ListItem\",\"position\":1,\"name\":\"Anasayfa\",\"item\":\"https:\\\/\\\/celebikurye.com\\\/tr\\\/\"},{\"@type\":\"ListItem\",\"position\":2,\"name\":\"SSS\"}]},{\"@type\":\"WebSite\",\"@id\":\"https:\\\/\\\/celebikurye.com\\\/tr\\\/#website\",\"url\":\"https:\\\/\\\/celebikurye.com\\\/tr\\\/\",\"name\":\"\u00c7elebi Kurye - 0542 600 9876 - Zaman Kazand\u0131r\u0131r\",\"description\":\"Zaman Kazand\u0131r\u0131r\",\"potentialAction\":[{\"@type\":\"SearchAction\",\"target\":{\"@type\":\"EntryPoint\",\"urlTemplate\":\"https:\\\/\\\/celebikurye.com\\\/tr\\\/?s={search_term_string}\"},\"query-input\":{\"@type\":\"PropertyValueSpecification\",\"valueRequired\":true,\"valueName\":\"search_term_string\"}}],\"inLanguage\":\"tr\"}]}<\/script>\n<!-- \/ Yoast SEO plugin. -->","yoast_head_json":{"title":"SSS - \u00c7elebi Kurye - 0542 600 9876 - Zaman Kazand\u0131r\u0131r","robots":{"index":"index","follow":"follow","max-snippet":"max-snippet:-1","max-image-preview":"max-image-preview:large","max-video-preview":"max-video-preview:-1"},"canonical":"https:\/\/celebikurye.com\/tr\/sikca-sorulan-sorular\/","og_locale":"tr_TR","og_type":"article","og_title":"SSS - \u00c7elebi Kurye - 0542 600 9876 - Zaman Kazand\u0131r\u0131r","og_url":"https:\/\/celebikurye.com\/tr\/sikca-sorulan-sorular\/","og_site_name":"\u00c7elebi Kurye - 0542 600 9876 - Zaman Kazand\u0131r\u0131r","article_modified_time":"2022-03-09T21:56:33+00:00","twitter_card":"summary_large_image","twitter_misc":{"Tahmini okuma s\u00fcresi":"9 dakika"},"schema":{"@context":"https:\/\/schema.org","@graph":[{"@type":"WebPage","@id":"https:\/\/celebikurye.com\/tr\/sikca-sorulan-sorular\/","url":"https:\/\/celebikurye.com\/tr\/sikca-sorulan-sorular\/","name":"SSS - \u00c7elebi Kurye - 0542 600 9876 - Zaman Kazand\u0131r\u0131r","isPartOf":{"@id":"https:\/\/celebikurye.com\/tr\/#website"},"datePublished":"2020-09-14T16:06:13+00:00","dateModified":"2022-03-09T21:56:33+00:00","breadcrumb":{"@id":"https:\/\/celebikurye.com\/tr\/sikca-sorulan-sorular\/#breadcrumb"},"inLanguage":"tr","potentialAction":[{"@type":"ReadAction","target":["https:\/\/celebikurye.com\/tr\/sikca-sorulan-sorular\/"]}]},{"@type":"BreadcrumbList","@id":"https:\/\/celebikurye.com\/tr\/sikca-sorulan-sorular\/#breadcrumb","itemListElement":[{"@type":"ListItem","position":1,"name":"Anasayfa","item":"https:\/\/celebikurye.com\/tr\/"},{"@type":"ListItem","position":2,"name":"SSS"}]},{"@type":"WebSite","@id":"https:\/\/celebikurye.com\/tr\/#website","url":"https:\/\/celebikurye.com\/tr\/","name":"\u00c7elebi Kurye - 0542 600 9876 - Zaman Kazand\u0131r\u0131r","description":"Zaman Kazand\u0131r\u0131r","potentialAction":[{"@type":"SearchAction","target":{"@type":"EntryPoint","urlTemplate":"https:\/\/celebikurye.com\/tr\/?s={search_term_string}"},"query-input":{"@type":"PropertyValueSpecification","valueRequired":true,"valueName":"search_term_string"}}],"inLanguage":"tr"}]}},"_links":{"self":[{"href":"https:\/\/celebikurye.com\/tr\/wp-json\/wp\/v2\/pages\/1103","targetHints":{"allow":["GET"]}}],"collection":[{"href":"https:\/\/celebikurye.com\/tr\/wp-json\/wp\/v2\/pages"}],"about":[{"href":"https:\/\/celebikurye.com\/tr\/wp-json\/wp\/v2\/types\/page"}],"author":[{"embeddable":true,"href":"https:\/\/celebikurye.com\/tr\/wp-json\/wp\/v2\/users\/1"}],"replies":[{"embeddable":true,"href":"https:\/\/celebikurye.com\/tr\/wp-json\/wp\/v2\/comments?post=1103"}],"version-history":[{"count":3,"href":"https:\/\/celebikurye.com\/tr\/wp-json\/wp\/v2\/pages\/1103\/revisions"}],"predecessor-version":[{"id":2256,"href":"https:\/\/celebikurye.com\/tr\/wp-json\/wp\/v2\/pages\/1103\/revisions\/2256"}],"wp:attachment":[{"href":"https:\/\/celebikurye.com\/tr\/wp-json\/wp\/v2\/media?parent=1103"}],"curies":[{"name":"wp","href":"https:\/\/api.w.org\/{rel}","templated":true}]}}